{"id":902,"date":"2025-05-07T14:14:52","date_gmt":"2025-05-07T14:14:52","guid":{"rendered":"https:\/\/loveit-dmc.com\/contactez-nous\/"},"modified":"2025-11-17T13:30:56","modified_gmt":"2025-11-17T13:30:56","slug":"contactez-nous","status":"publish","type":"page","link":"https:\/\/loveit-dmc.com\/fr\/contactez-nous\/","title":{"rendered":"Love IT DMC | Contactez votre DMC en Italie pour les \u00e9v\u00e9nements MICE"},"content":{"rendered":"[vc_row type=\u00a0\u00bbfull_width_content\u00a0\u00bb full_screen_row_position=\u00a0\u00bbmiddle\u00a0\u00bb column_margin=\u00a0\u00bbdefault\u00a0\u00bb column_direction=\u00a0\u00bbdefault\u00a0\u00bb column_direction_tablet=\u00a0\u00bbdefault\u00a0\u00bb column_direction_phone=\u00a0\u00bbdefault\u00a0\u00bb bg_color=\u00a0\u00bb#ffffff\u00a0\u00bb scene_position=\u00a0\u00bbcenter\u00a0\u00bb text_color=\u00a0\u00bbdark\u00a0\u00bb text_align=\u00a0\u00bbleft\u00a0\u00bb row_border_radius=\u00a0\u00bbnone\u00a0\u00bb row_border_radius_applies=\u00a0\u00bbbg\u00a0\u00bb overflow=\u00a0\u00bbvisible\u00a0\u00bb overlay_strength=\u00a0\u00bb0.3&Prime; gradient_direction=\u00a0\u00bbleft_to_right\u00a0\u00bb shape_divider_position=\u00a0\u00bbbottom\u00a0\u00bb bg_image_animation=\u00a0\u00bbnone\u00a0\u00bb][vc_column column_padding=\u00a0\u00bbpadding-7-percent\u00a0\u00bb column_padding_tablet=\u00a0\u00bbinherit\u00a0\u00bb column_padding_phone=\u00a0\u00bbinherit\u00a0\u00bb column_padding_position=\u00a0\u00bball\u00a0\u00bb column_element_direction_desktop=\u00a0\u00bbdefault\u00a0\u00bb column_element_spacing=\u00a0\u00bbdefault\u00a0\u00bb desktop_text_alignment=\u00a0\u00bbdefault\u00a0\u00bb tablet_text_alignment=\u00a0\u00bbdefault\u00a0\u00bb phone_text_alignment=\u00a0\u00bbdefault\u00a0\u00bb background_color_opacity=\u00a0\u00bb1&Prime; background_hover_color_opacity=\u00a0\u00bb1&Prime; column_backdrop_filter=\u00a0\u00bbnone\u00a0\u00bb column_shadow=\u00a0\u00bbnone\u00a0\u00bb column_border_radius=\u00a0\u00bbnone\u00a0\u00bb column_link_target=\u00a0\u00bb_self\u00a0\u00bb column_position=\u00a0\u00bbdefault\u00a0\u00bb gradient_direction=\u00a0\u00bbleft_to_right\u00a0\u00bb overlay_strength=\u00a0\u00bb0.3&Prime; width=\u00a0\u00bb1\/2&Prime; tablet_width_inherit=\u00a0\u00bbdefault\u00a0\u00bb animation_type=\u00a0\u00bbdefault\u00a0\u00bb bg_image_animation=\u00a0\u00bbnone\u00a0\u00bb border_type=\u00a0\u00bbsimple\u00a0\u00bb column_border_width=\u00a0\u00bbnone\u00a0\u00bb column_border_style=\u00a0\u00bbsolid\u00a0\u00bb][vc_column_text css=\u00a0\u00bb\u00a0\u00bb text_direction=\u00a0\u00bbdefault\u00a0\u00bb]\n<h3>Contact us<\/h3>\n<p>Envoyez votre demande \u00e0: <a href=\"mailto:info@loveit-dmc.com\">info@loveit-dmc.com<\/a><\/p>\n<p>Tel:<a href=\"tel:+39064814948\">+39064814948<\/a><\/p>\n<p>Nous vous r\u00e9pondrons imm\u00e9diatement et vous recevrez votre proposition personnalis\u00e9e sous quelques jours ouvrables.<\/p>\n<p>&nbsp;<\/p>\n<h5>Roma<\/h5>\n<p>Viale Leonardo da Vinci 196, 00145<br \/>\ninfo@loveit-dmc.com[\/vc_column_text][\/vc_column][vc_column column_padding=\u00a0\u00bbno-extra-padding\u00a0\u00bb column_padding_tablet=\u00a0\u00bbinherit\u00a0\u00bb column_padding_phone=\u00a0\u00bbinherit\u00a0\u00bb column_padding_position=\u00a0\u00bball\u00a0\u00bb column_element_direction_desktop=\u00a0\u00bbdefault\u00a0\u00bb column_element_spacing=\u00a0\u00bbdefault\u00a0\u00bb desktop_text_alignment=\u00a0\u00bbdefault\u00a0\u00bb tablet_text_alignment=\u00a0\u00bbdefault\u00a0\u00bb phone_text_alignment=\u00a0\u00bbdefault\u00a0\u00bb background_color_opacity=\u00a0\u00bb1&Prime; background_hover_color_opacity=\u00a0\u00bb1&Prime; column_backdrop_filter=\u00a0\u00bbnone\u00a0\u00bb column_shadow=\u00a0\u00bbnone\u00a0\u00bb column_border_radius=\u00a0\u00bbnone\u00a0\u00bb column_link_target=\u00a0\u00bb_self\u00a0\u00bb column_position=\u00a0\u00bbdefault\u00a0\u00bb gradient_direction=\u00a0\u00bbleft_to_right\u00a0\u00bb overlay_strength=\u00a0\u00bb0.3&Prime; width=\u00a0\u00bb1\/2&Prime; tablet_width_inherit=\u00a0\u00bbdefault\u00a0\u00bb animation_type=\u00a0\u00bbdefault\u00a0\u00bb bg_image_animation=\u00a0\u00bbnone\u00a0\u00bb border_type=\u00a0\u00bbsimple\u00a0\u00bb column_border_width=\u00a0\u00bbnone\u00a0\u00bb column_border_style=\u00a0\u00bbsolid\u00a0\u00bb][nectar_gmap map_type=\u00a0\u00bbleaflet\u00a0\u00bb zoom=\u00a0\u00bb16&Prime; marker_style=\u00a0\u00bbnectar\u00a0\u00bb color=\u00a0\u00bbaccent-color\u00a0\u00bb size=\u00a0\u00bb750&Prime; map_center_lat=\u00a0\u00bb41.853924485274746&Prime; map_center_lng=\u00a0\u00bb12.480163780803329&Prime; map_markers=\u00a0\u00bb41.853900863053404|12.480105342649106&Prime;][\/vc_column][\/vc_row]\n","protected":false},"excerpt":{"rendered":"<p>[vc_row type=\u00a0\u00bbfull_width_content\u00a0\u00bb full_screen_row_position=\u00a0\u00bbmiddle\u00a0\u00bb column_margin=\u00a0\u00bbdefault\u00a0\u00bb column_direction=\u00a0\u00bbdefault\u00a0\u00bb column_direction_tablet=\u00a0\u00bbdefault\u00a0\u00bb column_direction_phone=\u00a0\u00bbdefault\u00a0\u00bb bg_color=\u00a0\u00bb#ffffff\u00a0\u00bb scene_position=\u00a0\u00bbcenter\u00a0\u00bb text_color=\u00a0\u00bbdark\u00a0\u00bb text_align=\u00a0\u00bbleft\u00a0\u00bb row_border_radius=\u00a0\u00bbnone\u00a0\u00bb row_border_radius_applies=\u00a0\u00bbbg\u00a0\u00bb overflow=\u00a0\u00bbvisible\u00a0\u00bb overlay_strength=\u00a0\u00bb0.3&Prime; gradient_direction=\u00a0\u00bbleft_to_right\u00a0\u00bb shape_divider_position=\u00a0\u00bbbottom\u00a0\u00bb bg_image_animation=\u00a0\u00bbnone\u00a0\u00bb][vc_column column_padding=\u00a0\u00bbpadding-7-percent\u00a0\u00bb column_padding_tablet=\u00a0\u00bbinherit\u00a0\u00bb column_padding_phone=\u00a0\u00bbinherit\u00a0\u00bb column_padding_position=\u00a0\u00bball\u00a0\u00bb column_element_direction_desktop=\u00a0\u00bbdefault\u00a0\u00bb column_element_spacing=\u00a0\u00bbdefault\u00a0\u00bb desktop_text_alignment=\u00a0\u00bbdefault\u00a0\u00bb tablet_text_alignment=\u00a0\u00bbdefault\u00a0\u00bb phone_text_alignment=\u00a0\u00bbdefault\u00a0\u00bb background_color_opacity=\u00a0\u00bb1&Prime; background_hover_color_opacity=\u00a0\u00bb1&Prime; column_backdrop_filter=\u00a0\u00bbnone\u00a0\u00bb&#8230;<\/p>\n","protected":false},"author":1,"featured_media":0,"parent":0,"menu_order":0,"comment_status":"closed","ping_status":"closed","template":"","meta":{"footnotes":""},"class_list":["post-902","page","type-page","status-publish"],"yoast_head":"<!-- This site is optimized with the Yoast SEO Premium plugin v27.3 (Yoast SEO v27.3) - https:\/\/yoast.com\/product\/yoast-seo-premium-wordpress\/ -->\n<title>Love IT DMC | Contactez votre DMC en Italie pour les \u00e9v\u00e9nements MICE<\/title>\n<meta name=\"description\" content=\"Contactez Love IT DMC, votre DMC en Italie pour les \u00e9v\u00e9nements MICE, les incentives et les conf\u00e9rences. Envoyez votre cahier des charges pour recevoir une proposition sur mesure pour votre \u00e9v\u00e9nement en Italie.\" \/>\n<meta name=\"robots\" content=\"index, follow, max-snippet:-1, max-image-preview:large, max-video-preview:-1\" \/>\n<link rel=\"canonical\" href=\"https:\/\/loveit-dmc.com\/fr\/contactez-nous\/\" \/>\n<meta property=\"og:locale\" content=\"fr_FR\" \/>\n<meta property=\"og:type\" content=\"article\" \/>\n<meta property=\"og:title\" content=\"Love IT DMC | Contactez votre DMC en Italie pour les \u00e9v\u00e9nements MICE\" \/>\n<meta property=\"og:description\" content=\"Contactez Love IT DMC, votre DMC en Italie pour les \u00e9v\u00e9nements MICE, les incentives et les conf\u00e9rences. Envoyez votre cahier des charges pour recevoir une proposition sur mesure pour votre \u00e9v\u00e9nement en Italie.\" \/>\n<meta property=\"og:url\" content=\"https:\/\/loveit-dmc.com\/fr\/contactez-nous\/\" \/>\n<meta property=\"og:site_name\" content=\"Love IT DMC | MICE Events in Italy\" \/>\n<meta property=\"article:publisher\" content=\"https:\/\/www.facebook.com\/loveitDMC\/\" \/>\n<meta property=\"article:modified_time\" content=\"2025-11-17T13:30:56+00:00\" \/>\n<meta property=\"og:image\" content=\"https:\/\/loveit-dmc.com\/wp-content\/uploads\/2025\/05\/italy_DMC.jpg\" \/>\n\t<meta property=\"og:image:width\" content=\"1598\" \/>\n\t<meta property=\"og:image:height\" content=\"899\" \/>\n\t<meta property=\"og:image:type\" content=\"image\/jpeg\" \/>\n<meta name=\"twitter:card\" content=\"summary_large_image\" \/>\n<meta name=\"twitter:label1\" content=\"Dur\u00e9e de lecture estim\u00e9e\" \/>\n\t<meta name=\"twitter:data1\" content=\"2 minutes\" \/>\n<script type=\"application\/ld+json\" class=\"yoast-schema-graph\">{\"@context\":\"https:\\\/\\\/schema.org\",\"@graph\":[{\"@type\":\"WebPage\",\"@id\":\"https:\\\/\\\/loveit-dmc.com\\\/fr\\\/contactez-nous\\\/\",\"url\":\"https:\\\/\\\/loveit-dmc.com\\\/fr\\\/contactez-nous\\\/\",\"name\":\"Love IT DMC | Contactez votre DMC en Italie pour les \u00e9v\u00e9nements MICE\",\"isPartOf\":{\"@id\":\"https:\\\/\\\/loveit-dmc.com\\\/fr\\\/#website\"},\"datePublished\":\"2025-05-07T14:14:52+00:00\",\"dateModified\":\"2025-11-17T13:30:56+00:00\",\"description\":\"Contactez Love IT DMC, votre DMC en Italie pour les \u00e9v\u00e9nements MICE, les incentives et les conf\u00e9rences. Envoyez votre cahier des charges pour recevoir une proposition sur mesure pour votre \u00e9v\u00e9nement en Italie.\",\"breadcrumb\":{\"@id\":\"https:\\\/\\\/loveit-dmc.com\\\/fr\\\/contactez-nous\\\/#breadcrumb\"},\"inLanguage\":\"fr-FR\",\"potentialAction\":[{\"@type\":\"ReadAction\",\"target\":[\"https:\\\/\\\/loveit-dmc.com\\\/fr\\\/contactez-nous\\\/\"]}]},{\"@type\":\"BreadcrumbList\",\"@id\":\"https:\\\/\\\/loveit-dmc.com\\\/fr\\\/contactez-nous\\\/#breadcrumb\",\"itemListElement\":[{\"@type\":\"ListItem\",\"position\":1,\"name\":\"Home\",\"item\":\"https:\\\/\\\/loveit-dmc.com\\\/fr\\\/love-it-italy-dmc-mice-events-incentives-in-italy\\\/\"},{\"@type\":\"ListItem\",\"position\":2,\"name\":\"Love IT DMC | Contactez votre DMC en Italie pour les \u00e9v\u00e9nements MICE\"}]},{\"@type\":\"WebSite\",\"@id\":\"https:\\\/\\\/loveit-dmc.com\\\/fr\\\/#website\",\"url\":\"https:\\\/\\\/loveit-dmc.com\\\/fr\\\/\",\"name\":\"Love IT DMC | MICE Events in Italy\",\"description\":\"Leading Italy DMC for incentive travel, corporate events, and MICE\",\"publisher\":{\"@id\":\"https:\\\/\\\/loveit-dmc.com\\\/fr\\\/#organization\"},\"alternateName\":\"Love IT | Italy DMC\",\"potentialAction\":[{\"@type\":\"SearchAction\",\"target\":{\"@type\":\"EntryPoint\",\"urlTemplate\":\"https:\\\/\\\/loveit-dmc.com\\\/fr\\\/?s={search_term_string}\"},\"query-input\":{\"@type\":\"PropertyValueSpecification\",\"valueRequired\":true,\"valueName\":\"search_term_string\"}}],\"inLanguage\":\"fr-FR\"},{\"@type\":\"Organization\",\"@id\":\"https:\\\/\\\/loveit-dmc.com\\\/fr\\\/#organization\",\"name\":\"Love IT DMC | MICE Events in Italy\",\"alternateName\":\"Love IT DMC | Italy DMC\",\"url\":\"https:\\\/\\\/loveit-dmc.com\\\/fr\\\/\",\"logo\":{\"@type\":\"ImageObject\",\"inLanguage\":\"fr-FR\",\"@id\":\"https:\\\/\\\/loveit-dmc.com\\\/fr\\\/#\\\/schema\\\/logo\\\/image\\\/\",\"url\":\"https:\\\/\\\/loveit-dmc.com\\\/wp-content\\\/uploads\\\/2025\\\/05\\\/logo_loveit.png\",\"contentUrl\":\"https:\\\/\\\/loveit-dmc.com\\\/wp-content\\\/uploads\\\/2025\\\/05\\\/logo_loveit.png\",\"width\":132,\"height\":60,\"caption\":\"Love IT DMC | MICE Events in Italy\"},\"image\":{\"@id\":\"https:\\\/\\\/loveit-dmc.com\\\/fr\\\/#\\\/schema\\\/logo\\\/image\\\/\"},\"sameAs\":[\"https:\\\/\\\/www.facebook.com\\\/loveitDMC\\\/\",\"https:\\\/\\\/www.instagram.com\\\/loveit_dmc\\\/\"],\"description\":\"Love IT | Italy DMC | MICE Events & Incentives in Italy\",\"email\":\"info@loveit-dmc.com\",\"telephone\":\"+39064814948\",\"legalName\":\"Love IT DMC srl\",\"foundingDate\":\"2014-03-04\",\"vatID\":\"12779561005\",\"taxID\":\"12779561005\"}]}<\/script>\n<!-- \/ Yoast SEO Premium plugin. -->","yoast_head_json":{"title":"Love IT DMC | Contactez votre DMC en Italie pour les \u00e9v\u00e9nements MICE","description":"Contactez Love IT DMC, votre DMC en Italie pour les \u00e9v\u00e9nements MICE, les incentives et les conf\u00e9rences. Envoyez votre cahier des charges pour recevoir une proposition sur mesure pour votre \u00e9v\u00e9nement en Italie.","robots":{"index":"index","follow":"follow","max-snippet":"max-snippet:-1","max-image-preview":"max-image-preview:large","max-video-preview":"max-video-preview:-1"},"canonical":"https:\/\/loveit-dmc.com\/fr\/contactez-nous\/","og_locale":"fr_FR","og_type":"article","og_title":"Love IT DMC | Contactez votre DMC en Italie pour les \u00e9v\u00e9nements MICE","og_description":"Contactez Love IT DMC, votre DMC en Italie pour les \u00e9v\u00e9nements MICE, les incentives et les conf\u00e9rences. Envoyez votre cahier des charges pour recevoir une proposition sur mesure pour votre \u00e9v\u00e9nement en Italie.","og_url":"https:\/\/loveit-dmc.com\/fr\/contactez-nous\/","og_site_name":"Love IT DMC | MICE Events in Italy","article_publisher":"https:\/\/www.facebook.com\/loveitDMC\/","article_modified_time":"2025-11-17T13:30:56+00:00","og_image":[{"width":1598,"height":899,"url":"https:\/\/loveit-dmc.com\/wp-content\/uploads\/2025\/05\/italy_DMC.jpg","type":"image\/jpeg"}],"twitter_card":"summary_large_image","twitter_misc":{"Dur\u00e9e de lecture estim\u00e9e":"2 minutes"},"schema":{"@context":"https:\/\/schema.org","@graph":[{"@type":"WebPage","@id":"https:\/\/loveit-dmc.com\/fr\/contactez-nous\/","url":"https:\/\/loveit-dmc.com\/fr\/contactez-nous\/","name":"Love IT DMC | Contactez votre DMC en Italie pour les \u00e9v\u00e9nements MICE","isPartOf":{"@id":"https:\/\/loveit-dmc.com\/fr\/#website"},"datePublished":"2025-05-07T14:14:52+00:00","dateModified":"2025-11-17T13:30:56+00:00","description":"Contactez Love IT DMC, votre DMC en Italie pour les \u00e9v\u00e9nements MICE, les incentives et les conf\u00e9rences. Envoyez votre cahier des charges pour recevoir une proposition sur mesure pour votre \u00e9v\u00e9nement en Italie.","breadcrumb":{"@id":"https:\/\/loveit-dmc.com\/fr\/contactez-nous\/#breadcrumb"},"inLanguage":"fr-FR","potentialAction":[{"@type":"ReadAction","target":["https:\/\/loveit-dmc.com\/fr\/contactez-nous\/"]}]},{"@type":"BreadcrumbList","@id":"https:\/\/loveit-dmc.com\/fr\/contactez-nous\/#breadcrumb","itemListElement":[{"@type":"ListItem","position":1,"name":"Home","item":"https:\/\/loveit-dmc.com\/fr\/love-it-italy-dmc-mice-events-incentives-in-italy\/"},{"@type":"ListItem","position":2,"name":"Love IT DMC | Contactez votre DMC en Italie pour les \u00e9v\u00e9nements MICE"}]},{"@type":"WebSite","@id":"https:\/\/loveit-dmc.com\/fr\/#website","url":"https:\/\/loveit-dmc.com\/fr\/","name":"Love IT DMC | MICE Events in Italy","description":"Leading Italy DMC for incentive travel, corporate events, and MICE","publisher":{"@id":"https:\/\/loveit-dmc.com\/fr\/#organization"},"alternateName":"Love IT | Italy DMC","potentialAction":[{"@type":"SearchAction","target":{"@type":"EntryPoint","urlTemplate":"https:\/\/loveit-dmc.com\/fr\/?s={search_term_string}"},"query-input":{"@type":"PropertyValueSpecification","valueRequired":true,"valueName":"search_term_string"}}],"inLanguage":"fr-FR"},{"@type":"Organization","@id":"https:\/\/loveit-dmc.com\/fr\/#organization","name":"Love IT DMC | MICE Events in Italy","alternateName":"Love IT DMC | Italy DMC","url":"https:\/\/loveit-dmc.com\/fr\/","logo":{"@type":"ImageObject","inLanguage":"fr-FR","@id":"https:\/\/loveit-dmc.com\/fr\/#\/schema\/logo\/image\/","url":"https:\/\/loveit-dmc.com\/wp-content\/uploads\/2025\/05\/logo_loveit.png","contentUrl":"https:\/\/loveit-dmc.com\/wp-content\/uploads\/2025\/05\/logo_loveit.png","width":132,"height":60,"caption":"Love IT DMC | MICE Events in Italy"},"image":{"@id":"https:\/\/loveit-dmc.com\/fr\/#\/schema\/logo\/image\/"},"sameAs":["https:\/\/www.facebook.com\/loveitDMC\/","https:\/\/www.instagram.com\/loveit_dmc\/"],"description":"Love IT | Italy DMC | MICE Events & Incentives in Italy","email":"info@loveit-dmc.com","telephone":"+39064814948","legalName":"Love IT DMC srl","foundingDate":"2014-03-04","vatID":"12779561005","taxID":"12779561005"}]}},"_links":{"self":[{"href":"https:\/\/loveit-dmc.com\/fr\/wp-json\/wp\/v2\/pages\/902","targetHints":{"allow":["GET"]}}],"collection":[{"href":"https:\/\/loveit-dmc.com\/fr\/wp-json\/wp\/v2\/pages"}],"about":[{"href":"https:\/\/loveit-dmc.com\/fr\/wp-json\/wp\/v2\/types\/page"}],"author":[{"embeddable":true,"href":"https:\/\/loveit-dmc.com\/fr\/wp-json\/wp\/v2\/users\/1"}],"replies":[{"embeddable":true,"href":"https:\/\/loveit-dmc.com\/fr\/wp-json\/wp\/v2\/comments?post=902"}],"version-history":[{"count":5,"href":"https:\/\/loveit-dmc.com\/fr\/wp-json\/wp\/v2\/pages\/902\/revisions"}],"predecessor-version":[{"id":1377,"href":"https:\/\/loveit-dmc.com\/fr\/wp-json\/wp\/v2\/pages\/902\/revisions\/1377"}],"wp:attachment":[{"href":"https:\/\/loveit-dmc.com\/fr\/wp-json\/wp\/v2\/media?parent=902"}],"curies":[{"name":"wp","href":"https:\/\/api.w.org\/{rel}","templated":true}]}}