{"id":1107,"date":"2025-08-25T12:38:14","date_gmt":"2025-08-25T12:38:14","guid":{"rendered":"https:\/\/loveit-dmc.com\/blog\/"},"modified":"2025-11-17T13:26:38","modified_gmt":"2025-11-17T13:26:38","slug":"blog","status":"publish","type":"page","link":"https:\/\/loveit-dmc.com\/fr\/blog\/","title":{"rendered":"Blog"},"content":{"rendered":"[vc_row type=\u00a0\u00bbfull_width_content\u00a0\u00bb full_screen_row_position=\u00a0\u00bbmiddle\u00a0\u00bb column_margin=\u00a0\u00bbdefault\u00a0\u00bb column_direction=\u00a0\u00bbdefault\u00a0\u00bb column_direction_tablet=\u00a0\u00bbdefault\u00a0\u00bb column_direction_phone=\u00a0\u00bbdefault\u00a0\u00bb scene_position=\u00a0\u00bbcenter\u00a0\u00bb text_color=\u00a0\u00bbdark\u00a0\u00bb text_align=\u00a0\u00bbleft\u00a0\u00bb row_border_radius=\u00a0\u00bbnone\u00a0\u00bb row_border_radius_applies=\u00a0\u00bbbg\u00a0\u00bb overflow=\u00a0\u00bbvisible\u00a0\u00bb overlay_strength=\u00a0\u00bb0.3&Prime; gradient_direction=\u00a0\u00bbleft_to_right\u00a0\u00bb shape_divider_position=\u00a0\u00bbbottom\u00a0\u00bb bg_image_animation=\u00a0\u00bbnone\u00a0\u00bb shape_type=\u00a0\u00bb\u00a0\u00bb][vc_column column_padding=\u00a0\u00bbno-extra-padding\u00a0\u00bb column_padding_tablet=\u00a0\u00bbinherit\u00a0\u00bb column_padding_phone=\u00a0\u00bbinherit\u00a0\u00bb column_padding_position=\u00a0\u00bball\u00a0\u00bb column_element_direction_desktop=\u00a0\u00bbdefault\u00a0\u00bb column_element_spacing=\u00a0\u00bbdefault\u00a0\u00bb desktop_text_alignment=\u00a0\u00bbdefault\u00a0\u00bb tablet_text_alignment=\u00a0\u00bbdefault\u00a0\u00bb phone_text_alignment=\u00a0\u00bbdefault\u00a0\u00bb background_color_opacity=\u00a0\u00bb1&Prime; background_hover_color_opacity=\u00a0\u00bb1&Prime; column_backdrop_filter=\u00a0\u00bbnone\u00a0\u00bb column_shadow=\u00a0\u00bbnone\u00a0\u00bb column_border_radius=\u00a0\u00bbnone\u00a0\u00bb column_link_target=\u00a0\u00bb_self\u00a0\u00bb column_position=\u00a0\u00bbdefault\u00a0\u00bb gradient_direction=\u00a0\u00bbleft_to_right\u00a0\u00bb overlay_strength=\u00a0\u00bb0.3&Prime; width=\u00a0\u00bb1\/1&Prime; tablet_width_inherit=\u00a0\u00bbdefault\u00a0\u00bb animation_type=\u00a0\u00bbdefault\u00a0\u00bb bg_image_animation=\u00a0\u00bbnone\u00a0\u00bb border_type=\u00a0\u00bbsimple\u00a0\u00bb column_border_width=\u00a0\u00bbnone\u00a0\u00bb column_border_style=\u00a0\u00bbsolid\u00a0\u00bb][recent_posts style=\u00a0\u00bbsingle_large_featured\u00a0\u00bb large_featured_padding=\u00a0\u00bb12%\u00a0\u00bb button_color=\u00a0\u00bbextra-color-gradient-2&Prime; button_arrow_style=\u00a0\u00bbdefault\u00a0\u00bb load_in_animation=\u00a0\u00bbnone\u00a0\u00bb single_large_featured_content_side_spacing=\u00a0\u00bbdefault\u00a0\u00bb single_large_featured_content_alignment=\u00a0\u00bbmiddle\u00a0\u00bb large_featured_content_max_width=\u00a0\u00bbdefault\u00a0\u00bb bg_overlay=\u00a0\u00bbdiagonal_gradient\u00a0\u00bb large_featured_heading_tag=\u00a0\u00bbh2&Prime; category=\u00a0\u00bball\u00a0\u00bb order=\u00a0\u00bbDESC\u00a0\u00bb orderby=\u00a0\u00bbdate\u00a0\u00bb image_loading=\u00a0\u00bbdefault\u00a0\u00bb blog_remove_post_date=\u00a0\u00bbtrue\u00a0\u00bb blog_remove_post_author=\u00a0\u00bbtrue\u00a0\u00bb blog_remove_post_comment_number=\u00a0\u00bbtrue\u00a0\u00bb][\/vc_column][\/vc_row][vc_row type=\u00a0\u00bbfull_width_background\u00a0\u00bb full_screen_row_position=\u00a0\u00bbmiddle\u00a0\u00bb column_margin=\u00a0\u00bbdefault\u00a0\u00bb column_direction=\u00a0\u00bbdefault\u00a0\u00bb column_direction_tablet=\u00a0\u00bbdefault\u00a0\u00bb column_direction_phone=\u00a0\u00bbdefault\u00a0\u00bb bg_color=\u00a0\u00bb#0a0a0a\u00a0\u00bb scene_position=\u00a0\u00bbcenter\u00a0\u00bb text_color=\u00a0\u00bbdark\u00a0\u00bb text_align=\u00a0\u00bbleft\u00a0\u00bb row_border_radius=\u00a0\u00bbnone\u00a0\u00bb row_border_radius_applies=\u00a0\u00bbbg\u00a0\u00bb overflow=\u00a0\u00bbvisible\u00a0\u00bb overlay_strength=\u00a0\u00bb0.3&Prime; gradient_direction=\u00a0\u00bbleft_to_right\u00a0\u00bb shape_divider_position=\u00a0\u00bbbottom\u00a0\u00bb bg_image_animation=\u00a0\u00bbnone\u00a0\u00bb shape_type=\u00a0\u00bb\u00a0\u00bb][vc_column column_padding=\u00a0\u00bbno-extra-padding\u00a0\u00bb column_padding_tablet=\u00a0\u00bbinherit\u00a0\u00bb column_padding_phone=\u00a0\u00bbinherit\u00a0\u00bb column_padding_position=\u00a0\u00bball\u00a0\u00bb top_margin=\u00a0\u00bb-5%\u00a0\u00bb column_element_direction_desktop=\u00a0\u00bbdefault\u00a0\u00bb column_element_spacing=\u00a0\u00bbdefault\u00a0\u00bb desktop_text_alignment=\u00a0\u00bbdefault\u00a0\u00bb tablet_text_alignment=\u00a0\u00bbdefault\u00a0\u00bb phone_text_alignment=\u00a0\u00bbdefault\u00a0\u00bb background_color_opacity=\u00a0\u00bb1&Prime; background_hover_color_opacity=\u00a0\u00bb1&Prime; column_backdrop_filter=\u00a0\u00bbnone\u00a0\u00bb column_shadow=\u00a0\u00bbnone\u00a0\u00bb column_border_radius=\u00a0\u00bbnone\u00a0\u00bb column_link_target=\u00a0\u00bb_self\u00a0\u00bb column_position=\u00a0\u00bbdefault\u00a0\u00bb gradient_direction=\u00a0\u00bbleft_to_right\u00a0\u00bb overlay_strength=\u00a0\u00bb0.3&Prime; width=\u00a0\u00bb1\/1&Prime; tablet_width_inherit=\u00a0\u00bbdefault\u00a0\u00bb animation_type=\u00a0\u00bbdefault\u00a0\u00bb bg_image_animation=\u00a0\u00bbnone\u00a0\u00bb border_type=\u00a0\u00bbsimple\u00a0\u00bb column_border_width=\u00a0\u00bbnone\u00a0\u00bb column_border_style=\u00a0\u00bbsolid\u00a0\u00bb][nectar_blog layout=\u00a0\u00bbmasonry-blog-fullwidth\u00a0\u00bb blog_masonry_style=\u00a0\u00bbauto_meta_overlaid_spaced\u00a0\u00bb auto_masonry_spacing=\u00a0\u00bb4px\u00a0\u00bb load_in_animation=\u00a0\u00bbnone\u00a0\u00bb category=\u00a0\u00bball\u00a0\u00bb order=\u00a0\u00bbDESC\u00a0\u00bb orderby=\u00a0\u00bbdate\u00a0\u00bb posts_per_page=\u00a0\u00bb6&Prime; post_offset=\u00a0\u00bb1&Prime;][\/vc_column][\/vc_row]\n","protected":false},"excerpt":{"rendered":"<p>[vc_row type=\u00a0\u00bbfull_width_content\u00a0\u00bb full_screen_row_position=\u00a0\u00bbmiddle\u00a0\u00bb column_margin=\u00a0\u00bbdefault\u00a0\u00bb column_direction=\u00a0\u00bbdefault\u00a0\u00bb column_direction_tablet=\u00a0\u00bbdefault\u00a0\u00bb column_direction_phone=\u00a0\u00bbdefault\u00a0\u00bb scene_position=\u00a0\u00bbcenter\u00a0\u00bb text_color=\u00a0\u00bbdark\u00a0\u00bb text_align=\u00a0\u00bbleft\u00a0\u00bb row_border_radius=\u00a0\u00bbnone\u00a0\u00bb row_border_radius_applies=\u00a0\u00bbbg\u00a0\u00bb overflow=\u00a0\u00bbvisible\u00a0\u00bb overlay_strength=\u00a0\u00bb0.3&Prime; gradient_direction=\u00a0\u00bbleft_to_right\u00a0\u00bb shape_divider_position=\u00a0\u00bbbottom\u00a0\u00bb bg_image_animation=\u00a0\u00bbnone\u00a0\u00bb shape_type=\u00a0\u00bb\u00a0\u00bb][vc_column column_padding=\u00a0\u00bbno-extra-padding\u00a0\u00bb column_padding_tablet=\u00a0\u00bbinherit\u00a0\u00bb column_padding_phone=\u00a0\u00bbinherit\u00a0\u00bb column_padding_position=\u00a0\u00bball\u00a0\u00bb column_element_direction_desktop=\u00a0\u00bbdefault\u00a0\u00bb column_element_spacing=\u00a0\u00bbdefault\u00a0\u00bb desktop_text_alignment=\u00a0\u00bbdefault\u00a0\u00bb tablet_text_alignment=\u00a0\u00bbdefault\u00a0\u00bb phone_text_alignment=\u00a0\u00bbdefault\u00a0\u00bb background_color_opacity=\u00a0\u00bb1&Prime; background_hover_color_opacity=\u00a0\u00bb1&Prime; column_backdrop_filter=\u00a0\u00bbnone\u00a0\u00bb&#8230;<\/p>\n","protected":false},"author":1,"featured_media":0,"parent":0,"menu_order":0,"comment_status":"closed","ping_status":"closed","template":"","meta":{"footnotes":""},"class_list":["post-1107","page","type-page","status-publish"],"yoast_head":"<!-- This site is optimized with the Yoast SEO Premium plugin v27.3 (Yoast SEO v27.3) - https:\/\/yoast.com\/product\/yoast-seo-premium-wordpress\/ -->\n<title>Love IT DMC | Conseils MICE et perspectives DMC en Italie<\/title>\n<meta name=\"description\" content=\"Conseils MICE et perspectives DMC en Italie de la part de Love IT DMC pour aider les agences et les organisateurs d\u2019\u00e9v\u00e9nements d\u2019entreprise \u00e0 concevoir des \u00e9v\u00e9nements plus intelligents \u00e0 travers l\u2019Italie.\" \/>\n<meta name=\"robots\" content=\"index, follow, max-snippet:-1, max-image-preview:large, max-video-preview:-1\" \/>\n<link rel=\"canonical\" href=\"https:\/\/loveit-dmc.com\/fr\/blog\/\" \/>\n<meta property=\"og:locale\" content=\"fr_FR\" \/>\n<meta property=\"og:type\" content=\"article\" \/>\n<meta property=\"og:title\" content=\"Blog\" \/>\n<meta property=\"og:description\" content=\"Conseils MICE et perspectives DMC en Italie de la part de Love IT DMC pour aider les agences et les organisateurs d\u2019\u00e9v\u00e9nements d\u2019entreprise \u00e0 concevoir des \u00e9v\u00e9nements plus intelligents \u00e0 travers l\u2019Italie.\" \/>\n<meta property=\"og:url\" content=\"https:\/\/loveit-dmc.com\/fr\/blog\/\" \/>\n<meta property=\"og:site_name\" content=\"Love IT DMC | MICE Events in Italy\" \/>\n<meta property=\"article:publisher\" content=\"https:\/\/www.facebook.com\/loveitDMC\/\" \/>\n<meta property=\"article:modified_time\" content=\"2025-11-17T13:26:38+00:00\" \/>\n<meta property=\"og:image\" content=\"https:\/\/loveit-dmc.com\/wp-content\/uploads\/2025\/05\/italy_DMC.jpg\" \/>\n\t<meta property=\"og:image:width\" content=\"1598\" \/>\n\t<meta property=\"og:image:height\" content=\"899\" \/>\n\t<meta property=\"og:image:type\" content=\"image\/jpeg\" \/>\n<meta name=\"twitter:card\" content=\"summary_large_image\" \/>\n<meta name=\"twitter:label1\" content=\"Dur\u00e9e de lecture estim\u00e9e\" \/>\n\t<meta name=\"twitter:data1\" content=\"2 minutes\" \/>\n<script type=\"application\/ld+json\" class=\"yoast-schema-graph\">{\"@context\":\"https:\\\/\\\/schema.org\",\"@graph\":[{\"@type\":\"WebPage\",\"@id\":\"https:\\\/\\\/loveit-dmc.com\\\/fr\\\/blog\\\/\",\"url\":\"https:\\\/\\\/loveit-dmc.com\\\/fr\\\/blog\\\/\",\"name\":\"Love IT DMC | Conseils MICE et perspectives DMC en Italie\",\"isPartOf\":{\"@id\":\"https:\\\/\\\/loveit-dmc.com\\\/fr\\\/#website\"},\"datePublished\":\"2025-08-25T12:38:14+00:00\",\"dateModified\":\"2025-11-17T13:26:38+00:00\",\"description\":\"Conseils MICE et perspectives DMC en Italie de la part de Love IT DMC pour aider les agences et les organisateurs d\u2019\u00e9v\u00e9nements d\u2019entreprise \u00e0 concevoir des \u00e9v\u00e9nements plus intelligents \u00e0 travers l\u2019Italie.\",\"breadcrumb\":{\"@id\":\"https:\\\/\\\/loveit-dmc.com\\\/fr\\\/blog\\\/#breadcrumb\"},\"inLanguage\":\"fr-FR\",\"potentialAction\":[{\"@type\":\"ReadAction\",\"target\":[\"https:\\\/\\\/loveit-dmc.com\\\/fr\\\/blog\\\/\"]}]},{\"@type\":\"BreadcrumbList\",\"@id\":\"https:\\\/\\\/loveit-dmc.com\\\/fr\\\/blog\\\/#breadcrumb\",\"itemListElement\":[{\"@type\":\"ListItem\",\"position\":1,\"name\":\"Home\",\"item\":\"https:\\\/\\\/loveit-dmc.com\\\/fr\\\/love-it-italy-dmc-mice-events-incentives-in-italy\\\/\"},{\"@type\":\"ListItem\",\"position\":2,\"name\":\"Blog\"}]},{\"@type\":\"WebSite\",\"@id\":\"https:\\\/\\\/loveit-dmc.com\\\/fr\\\/#website\",\"url\":\"https:\\\/\\\/loveit-dmc.com\\\/fr\\\/\",\"name\":\"Love IT DMC | MICE Events in Italy\",\"description\":\"Leading Italy DMC for incentive travel, corporate events, and MICE\",\"publisher\":{\"@id\":\"https:\\\/\\\/loveit-dmc.com\\\/fr\\\/#organization\"},\"alternateName\":\"Love IT | Italy DMC\",\"potentialAction\":[{\"@type\":\"SearchAction\",\"target\":{\"@type\":\"EntryPoint\",\"urlTemplate\":\"https:\\\/\\\/loveit-dmc.com\\\/fr\\\/?s={search_term_string}\"},\"query-input\":{\"@type\":\"PropertyValueSpecification\",\"valueRequired\":true,\"valueName\":\"search_term_string\"}}],\"inLanguage\":\"fr-FR\"},{\"@type\":\"Organization\",\"@id\":\"https:\\\/\\\/loveit-dmc.com\\\/fr\\\/#organization\",\"name\":\"Love IT DMC | MICE Events in Italy\",\"alternateName\":\"Love IT DMC | Italy DMC\",\"url\":\"https:\\\/\\\/loveit-dmc.com\\\/fr\\\/\",\"logo\":{\"@type\":\"ImageObject\",\"inLanguage\":\"fr-FR\",\"@id\":\"https:\\\/\\\/loveit-dmc.com\\\/fr\\\/#\\\/schema\\\/logo\\\/image\\\/\",\"url\":\"https:\\\/\\\/loveit-dmc.com\\\/wp-content\\\/uploads\\\/2025\\\/05\\\/logo_loveit.png\",\"contentUrl\":\"https:\\\/\\\/loveit-dmc.com\\\/wp-content\\\/uploads\\\/2025\\\/05\\\/logo_loveit.png\",\"width\":132,\"height\":60,\"caption\":\"Love IT DMC | MICE Events in Italy\"},\"image\":{\"@id\":\"https:\\\/\\\/loveit-dmc.com\\\/fr\\\/#\\\/schema\\\/logo\\\/image\\\/\"},\"sameAs\":[\"https:\\\/\\\/www.facebook.com\\\/loveitDMC\\\/\",\"https:\\\/\\\/www.instagram.com\\\/loveit_dmc\\\/\"],\"description\":\"Love IT | Italy DMC | MICE Events & Incentives in Italy\",\"email\":\"info@loveit-dmc.com\",\"telephone\":\"+39064814948\",\"legalName\":\"Love IT DMC srl\",\"foundingDate\":\"2014-03-04\",\"vatID\":\"12779561005\",\"taxID\":\"12779561005\"}]}<\/script>\n<!-- \/ Yoast SEO Premium plugin. -->","yoast_head_json":{"title":"Love IT DMC | Conseils MICE et perspectives DMC en Italie","description":"Conseils MICE et perspectives DMC en Italie de la part de Love IT DMC pour aider les agences et les organisateurs d\u2019\u00e9v\u00e9nements d\u2019entreprise \u00e0 concevoir des \u00e9v\u00e9nements plus intelligents \u00e0 travers l\u2019Italie.","robots":{"index":"index","follow":"follow","max-snippet":"max-snippet:-1","max-image-preview":"max-image-preview:large","max-video-preview":"max-video-preview:-1"},"canonical":"https:\/\/loveit-dmc.com\/fr\/blog\/","og_locale":"fr_FR","og_type":"article","og_title":"Blog","og_description":"Conseils MICE et perspectives DMC en Italie de la part de Love IT DMC pour aider les agences et les organisateurs d\u2019\u00e9v\u00e9nements d\u2019entreprise \u00e0 concevoir des \u00e9v\u00e9nements plus intelligents \u00e0 travers l\u2019Italie.","og_url":"https:\/\/loveit-dmc.com\/fr\/blog\/","og_site_name":"Love IT DMC | MICE Events in Italy","article_publisher":"https:\/\/www.facebook.com\/loveitDMC\/","article_modified_time":"2025-11-17T13:26:38+00:00","og_image":[{"width":1598,"height":899,"url":"https:\/\/loveit-dmc.com\/wp-content\/uploads\/2025\/05\/italy_DMC.jpg","type":"image\/jpeg"}],"twitter_card":"summary_large_image","twitter_misc":{"Dur\u00e9e de lecture estim\u00e9e":"2 minutes"},"schema":{"@context":"https:\/\/schema.org","@graph":[{"@type":"WebPage","@id":"https:\/\/loveit-dmc.com\/fr\/blog\/","url":"https:\/\/loveit-dmc.com\/fr\/blog\/","name":"Love IT DMC | Conseils MICE et perspectives DMC en Italie","isPartOf":{"@id":"https:\/\/loveit-dmc.com\/fr\/#website"},"datePublished":"2025-08-25T12:38:14+00:00","dateModified":"2025-11-17T13:26:38+00:00","description":"Conseils MICE et perspectives DMC en Italie de la part de Love IT DMC pour aider les agences et les organisateurs d\u2019\u00e9v\u00e9nements d\u2019entreprise \u00e0 concevoir des \u00e9v\u00e9nements plus intelligents \u00e0 travers l\u2019Italie.","breadcrumb":{"@id":"https:\/\/loveit-dmc.com\/fr\/blog\/#breadcrumb"},"inLanguage":"fr-FR","potentialAction":[{"@type":"ReadAction","target":["https:\/\/loveit-dmc.com\/fr\/blog\/"]}]},{"@type":"BreadcrumbList","@id":"https:\/\/loveit-dmc.com\/fr\/blog\/#breadcrumb","itemListElement":[{"@type":"ListItem","position":1,"name":"Home","item":"https:\/\/loveit-dmc.com\/fr\/love-it-italy-dmc-mice-events-incentives-in-italy\/"},{"@type":"ListItem","position":2,"name":"Blog"}]},{"@type":"WebSite","@id":"https:\/\/loveit-dmc.com\/fr\/#website","url":"https:\/\/loveit-dmc.com\/fr\/","name":"Love IT DMC | MICE Events in Italy","description":"Leading Italy DMC for incentive travel, corporate events, and MICE","publisher":{"@id":"https:\/\/loveit-dmc.com\/fr\/#organization"},"alternateName":"Love IT | Italy DMC","potentialAction":[{"@type":"SearchAction","target":{"@type":"EntryPoint","urlTemplate":"https:\/\/loveit-dmc.com\/fr\/?s={search_term_string}"},"query-input":{"@type":"PropertyValueSpecification","valueRequired":true,"valueName":"search_term_string"}}],"inLanguage":"fr-FR"},{"@type":"Organization","@id":"https:\/\/loveit-dmc.com\/fr\/#organization","name":"Love IT DMC | MICE Events in Italy","alternateName":"Love IT DMC | Italy DMC","url":"https:\/\/loveit-dmc.com\/fr\/","logo":{"@type":"ImageObject","inLanguage":"fr-FR","@id":"https:\/\/loveit-dmc.com\/fr\/#\/schema\/logo\/image\/","url":"https:\/\/loveit-dmc.com\/wp-content\/uploads\/2025\/05\/logo_loveit.png","contentUrl":"https:\/\/loveit-dmc.com\/wp-content\/uploads\/2025\/05\/logo_loveit.png","width":132,"height":60,"caption":"Love IT DMC | MICE Events in Italy"},"image":{"@id":"https:\/\/loveit-dmc.com\/fr\/#\/schema\/logo\/image\/"},"sameAs":["https:\/\/www.facebook.com\/loveitDMC\/","https:\/\/www.instagram.com\/loveit_dmc\/"],"description":"Love IT | Italy DMC | MICE Events & Incentives in Italy","email":"info@loveit-dmc.com","telephone":"+39064814948","legalName":"Love IT DMC srl","foundingDate":"2014-03-04","vatID":"12779561005","taxID":"12779561005"}]}},"_links":{"self":[{"href":"https:\/\/loveit-dmc.com\/fr\/wp-json\/wp\/v2\/pages\/1107","targetHints":{"allow":["GET"]}}],"collection":[{"href":"https:\/\/loveit-dmc.com\/fr\/wp-json\/wp\/v2\/pages"}],"about":[{"href":"https:\/\/loveit-dmc.com\/fr\/wp-json\/wp\/v2\/types\/page"}],"author":[{"embeddable":true,"href":"https:\/\/loveit-dmc.com\/fr\/wp-json\/wp\/v2\/users\/1"}],"replies":[{"embeddable":true,"href":"https:\/\/loveit-dmc.com\/fr\/wp-json\/wp\/v2\/comments?post=1107"}],"version-history":[{"count":1,"href":"https:\/\/loveit-dmc.com\/fr\/wp-json\/wp\/v2\/pages\/1107\/revisions"}],"predecessor-version":[{"id":1108,"href":"https:\/\/loveit-dmc.com\/fr\/wp-json\/wp\/v2\/pages\/1107\/revisions\/1108"}],"wp:attachment":[{"href":"https:\/\/loveit-dmc.com\/fr\/wp-json\/wp\/v2\/media?parent=1107"}],"curies":[{"name":"wp","href":"https:\/\/api.w.org\/{rel}","templated":true}]}}